{"id":331,"date":"2022-06-10T14:24:32","date_gmt":"2022-06-10T19:24:32","guid":{"rendered":"https:\/\/www.irp.wisc.edu\/MadisonForwardFund\/?page_id=331"},"modified":"2022-08-25T10:00:41","modified_gmt":"2022-08-25T15:00:41","slug":"eligibility-faqs-spanish","status":"publish","type":"page","link":"https:\/\/www.irp.wisc.edu\/MadisonForwardFund\/eligibility-faqs-spanish\/","title":{"rendered":"Elegibilidad y Preguntas Frecuentes"},"content":{"rendered":"","protected":false},"excerpt":{"rendered":"<p>Esta p\u00e1gina cubre los criterios de elegibilidad para Madison Forward Fund y proporciona respuestas a las preguntas m\u00e1s frecuentes.Para obtener m\u00e1s informaci\u00f3n, p\u00f3ngase en contacto con: Blake Roberts Crall, MFF Program Manager broberts23@wisc.edu o 608-515-8047 (Se habla espa\u00f1ol)<\/p>\n","protected":false},"author":1,"featured_media":0,"parent":0,"menu_order":0,"comment_status":"closed","ping_status":"closed","template":"","meta":{"footnotes":""},"class_list":["post-331","page","type-page","status-publish","hentry"],"acf":[],"_links":{"self":[{"href":"https:\/\/www.irp.wisc.edu\/MadisonForwardFund\/wp-json\/wp\/v2\/pages\/331","targetHints":{"allow":["GET"]}}],"collection":[{"href":"https:\/\/www.irp.wisc.edu\/MadisonForwardFund\/wp-json\/wp\/v2\/pages"}],"about":[{"href":"https:\/\/www.irp.wisc.edu\/MadisonForwardFund\/wp-json\/wp\/v2\/types\/page"}],"author":[{"embeddable":true,"href":"https:\/\/www.irp.wisc.edu\/MadisonForwardFund\/wp-json\/wp\/v2\/users\/1"}],"replies":[{"embeddable":true,"href":"https:\/\/www.irp.wisc.edu\/MadisonForwardFund\/wp-json\/wp\/v2\/comments?post=331"}],"version-history":[{"count":14,"href":"https:\/\/www.irp.wisc.edu\/MadisonForwardFund\/wp-json\/wp\/v2\/pages\/331\/revisions"}],"predecessor-version":[{"id":447,"href":"https:\/\/www.irp.wisc.edu\/MadisonForwardFund\/wp-json\/wp\/v2\/pages\/331\/revisions\/447"}],"wp:attachment":[{"href":"https:\/\/www.irp.wisc.edu\/MadisonForwardFund\/wp-json\/wp\/v2\/media?parent=331"}],"curies":[{"name":"wp","href":"https:\/\/api.w.org\/{rel}","templated":true}]}}